{"id":13,"date":"2021-10-25T20:52:58","date_gmt":"2021-10-25T18:52:58","guid":{"rendered":"https:\/\/kranz-krippen.de\/entdecken\/shop\/"},"modified":"2021-12-17T09:59:26","modified_gmt":"2021-12-17T08:59:26","slug":"shop","status":"publish","type":"page","link":"https:\/\/kranz-krippen.de\/entdecken\/shop\/","title":{"rendered":"Produkt\u00fcbersicht"},"content":{"rendered":"<p>[et_pb_section fb_built=&#8220;1&#8243; _builder_version=&#8220;4.13.0&#8243; _module_preset=&#8220;default&#8220; global_colors_info=&#8220;{}&#8220;][et_pb_row _builder_version=&#8220;4.13.0&#8243; _module_preset=&#8220;default&#8220; global_colors_info=&#8220;{}&#8220;][et_pb_column type=&#8220;4_4&#8243; _builder_version=&#8220;4.13.0&#8243; _module_preset=&#8220;default&#8220; global_colors_info=&#8220;{}&#8220;][et_pb_text _builder_version=&#8220;4.14.2&#8243; _module_preset=&#8220;default&#8220; hover_enabled=&#8220;0&#8243; global_colors_info=&#8220;{}&#8220; header_font_size_last_edited=&#8220;on|phone&#8220; header_font_size=&#8220;38px&#8220; sticky_enabled=&#8220;0&#8243; header_font_size_tablet=&#8220;35px&#8220; header_font_size_phone=&#8220;28px&#8220;]<\/p>\n<h1>Produkte aus unserem Sortiment<\/h1>\n<p>Hier sehen Sie einen kleinen Auszug aus unserem Sortiment. Rufen Sie uns bei Fragen gerne an Tel. 0821 &#8211; 46 72 78 oder schreiben Sie uns eine Mail an <a href=\"mailto:kranz-ev@t-online.de\">kranz-ev@t-online.de.<\/a><\/p>\n<p>Wir f\u00fchren \u00fcber 200 Krippen und St\u00e4lle, wundersch\u00f6ne Figuren in verschiedenen Gr\u00f6\u00dfen, Zubeh\u00f6r sowie Weihnachtsbeleuchtungen und noch vieles mehr.<\/p>\n<p>[\/et_pb_text][et_pb_text admin_label=&#8220;Head Weihnachtsbeleuchtung&#8220; _builder_version=&#8220;4.14.2&#8243; _module_preset=&#8220;default&#8220; hover_enabled=&#8220;0&#8243; global_colors_info=&#8220;{}&#8220; header_3_font_size=&#8220;28px&#8220; header_3_font_size_last_edited=&#8220;on|tablet&#8220; sticky_enabled=&#8220;0&#8243; header_3_font_size_tablet=&#8220;26px&#8220; header_3_font_size_phone=&#8220;20px&#8220;]<\/p>\n<h3>Weihnachtsbeleuchtungen<\/h3>\n<p>[\/et_pb_text][et_pb_shop type=&#8220;product_category&#8220; posts_number=&#8220;40&#8243; include_categories=&#8220;57,64&#8243; admin_label=&#8220;Shop Weihnachtsbeleuchtung&#8220; _builder_version=&#8220;4.13.0&#8243; _module_preset=&#8220;default&#8220; global_colors_info=&#8220;{}&#8220;][\/et_pb_shop][et_pb_text admin_label=&#8220;Head Weihnachtsbeleuchtung&#8220; _builder_version=&#8220;4.14.2&#8243; _module_preset=&#8220;default&#8220; global_colors_info=&#8220;{}&#8220; header_3_font_size=&#8220;28px&#8220; header_3_font_size_tablet=&#8220;26px&#8220; header_3_font_size_phone=&#8220;20px&#8220; header_3_font_size_last_edited=&#8220;on|phone&#8220; hover_enabled=&#8220;0&#8243; sticky_enabled=&#8220;0&#8243;]<\/p>\n<h3>St\u00e4lle, Krippen, Figuren und Zubeh\u00f6r<\/h3>\n<p>[\/et_pb_text][et_pb_shop type=&#8220;product_category&#8220; posts_number=&#8220;40&#8243; include_categories=&#8220;18,53,55&#8243; admin_label=&#8220;Shop Krippe, Spieluhr, Stall&#8220; _builder_version=&#8220;4.14.2&#8243; _module_preset=&#8220;default&#8220; hover_enabled=&#8220;0&#8243; global_colors_info=&#8220;{}&#8220; custom_margin=&#8220;||0px||false|false&#8220; custom_padding=&#8220;||||false|false&#8220; sticky_enabled=&#8220;0&#8243;][\/et_pb_shop][et_pb_shop type=&#8220;product_category&#8220; posts_number=&#8220;40&#8243; include_categories=&#8220;50&#8243; admin_label=&#8220;Shop Krippen-Zubeh\u00f6r&#8220; _builder_version=&#8220;4.13.0&#8243; _module_preset=&#8220;default&#8220; global_colors_info=&#8220;{}&#8220;][\/et_pb_shop][\/et_pb_column][\/et_pb_row][\/et_pb_section]<\/p>\n","protected":false},"excerpt":{"rendered":"<p>Produkte aus unserem Sortiment Hier sehen Sie einen kleinen Auszug aus unserem Sortiment. Rufen Sie uns bei Fragen gerne an Tel. 0821 &#8211; 46 72 78 oder schreiben Sie uns eine Mail an kranz-ev@t-online.de. Wir f\u00fchren \u00fcber 200 Krippen und St\u00e4lle, wundersch\u00f6ne Figuren in verschiedenen Gr\u00f6\u00dfen, Zubeh\u00f6r sowie Weihnachtsbeleuchtungen und noch vieles mehr.WeihnachtsbeleuchtungenSt\u00e4lle, Krippen, Figuren [&hellip;]<\/p>\n","protected":false},"author":1,"featured_media":0,"parent":0,"menu_order":0,"comment_status":"closed","ping_status":"closed","template":"","meta":{"_acf_changed":false,"_et_pb_use_builder":"on","_et_pb_old_content":"","_et_gb_content_width":"","footnotes":""},"class_list":["post-13","page","type-page","status-publish","hentry"],"acf":[],"_links":{"self":[{"href":"https:\/\/kranz-krippen.de\/entdecken\/wp-json\/wp\/v2\/pages\/13","targetHints":{"allow":["GET"]}}],"collection":[{"href":"https:\/\/kranz-krippen.de\/entdecken\/wp-json\/wp\/v2\/pages"}],"about":[{"href":"https:\/\/kranz-krippen.de\/entdecken\/wp-json\/wp\/v2\/types\/page"}],"author":[{"embeddable":true,"href":"https:\/\/kranz-krippen.de\/entdecken\/wp-json\/wp\/v2\/users\/1"}],"replies":[{"embeddable":true,"href":"https:\/\/kranz-krippen.de\/entdecken\/wp-json\/wp\/v2\/comments?post=13"}],"version-history":[{"count":15,"href":"https:\/\/kranz-krippen.de\/entdecken\/wp-json\/wp\/v2\/pages\/13\/revisions"}],"predecessor-version":[{"id":352,"href":"https:\/\/kranz-krippen.de\/entdecken\/wp-json\/wp\/v2\/pages\/13\/revisions\/352"}],"wp:attachment":[{"href":"https:\/\/kranz-krippen.de\/entdecken\/wp-json\/wp\/v2\/media?parent=13"}],"curies":[{"name":"wp","href":"https:\/\/api.w.org\/{rel}","templated":true}]}}