{"id":49,"date":"2021-10-25T22:57:09","date_gmt":"2021-10-25T20:57:09","guid":{"rendered":"https:\/\/kranz-krippen.de\/entdecken\/agb\/"},"modified":"2021-11-05T00:22:25","modified_gmt":"2021-11-04T23:22:25","slug":"agb","status":"publish","type":"page","link":"https:\/\/kranz-krippen.de\/entdecken\/agb\/","title":{"rendered":"AGB"},"content":{"rendered":"<p>[et_pb_section fb_built=&#8220;1&#8243; _builder_version=&#8220;4.13.0&#8243; _module_preset=&#8220;default&#8220; global_colors_info=&#8220;{}&#8220;][et_pb_row _builder_version=&#8220;4.13.0&#8243; _module_preset=&#8220;default&#8220; global_colors_info=&#8220;{}&#8220;][et_pb_column type=&#8220;4_4&#8243; _builder_version=&#8220;4.13.0&#8243; _module_preset=&#8220;default&#8220; global_colors_info=&#8220;{}&#8220;][et_pb_text admin_label=&#8220;Head Allgemeine Gesch\u00e4ftsbedingungen&#8220; _builder_version=&#8220;4.13.0&#8243; _module_preset=&#8220;default&#8220; global_colors_info=&#8220;{}&#8220;]<\/p>\n<h1>Allgemeine Gesch\u00e4ftsbedingungen<\/h1>\n<p>[\/et_pb_text][et_pb_text admin_label=&#8220;\u00a7 1. Allgemeines&#8220; _builder_version=&#8220;4.13.0&#8243; _module_preset=&#8220;default&#8220; global_colors_info=&#8220;{}&#8220;]<\/p>\n<h2>\u00a7 1. Allgemeines<\/h2>\n<p>Alle Leistungen, die vom Onlineshop f\u00fcr den Kunden erbracht werden, erfolgen ausschlie\u00dflich auf der Grundlage der nachfolgenden Allgemeinen Gesch\u00e4ftsbedingungen. Abweichende Regelungen haben nur dann Geltung, wenn sie zwischen Onlineshop und Kunde vereinbart wurden.<\/p>\n<p>[\/et_pb_text][et_pb_text admin_label=&#8220;\u00a7 2. Angebot&#8220; _builder_version=&#8220;4.13.0&#8243; _module_preset=&#8220;default&#8220; global_colors_info=&#8220;{}&#8220;]<\/p>\n<h2>\u00a7 2. Angebot<\/h2>\n<ul>\n<li>2.1 Die Angebote des Onlineshops im Internet stellen eine unverbindliche Aufforderung an den Kunden dar, im Onlineshop Waren zu bestellen.<\/li>\n<li>2.2 Durch die Bestellung der gew\u00fcnschten Waren im Internet gibt der Kunde ein verbindliches Angebot auf Abschluss eines Kaufvertrages ab.<\/li>\n<li>2.3 Der Onlineshop best\u00e4tigt den Zugang der Bestellung unverz\u00fcglich. Die Bestellbest\u00e4tigung wie auch die Entgegennahme einer telefonischen Bestellung stellen noch keine rechtsgesch\u00e4ftliche Annahme unsererseits dar. Die Angebotsannahme durch uns erfolgt erst, indem wir die Ware zum Versand an Sie bringen. Sie erhalten eine schriftliche Versandbest\u00e4tigung per E-Mail.<\/li>\n<li>2.4 Vertragsgegenstand ist die vom Kunden bestellte Ware. Bez\u00fcglich der Beschaffenheit gilt die Angebotsbeschreibung.<\/li>\n<\/ul>\n<p>[\/et_pb_text][et_pb_text admin_label=&#8220;\u00a7 3. Widerrufsbelehrung&#8220; _builder_version=&#8220;4.13.0&#8243; _module_preset=&#8220;default&#8220; hover_enabled=&#8220;0&#8243; global_colors_info=&#8220;{}&#8220; sticky_enabled=&#8220;0&#8243;]<\/p>\n<h2>\u00a7 3. Widerrufsbelehrung<\/h2>\n<h3>Widerrufsrecht<\/h3>\n<p>Sie haben das Recht, binnen vierzehn Tagen ohne Angabe von Gr\u00fcnden diesen Vertrag zu widerrufen. Die Widerrufsfrist betr\u00e4gt vierzehn Tage ab dem Tag, an dem Sie oder ein von Ihnen benannter Dritter, der nicht der Bef\u00f6rderer ist, die Waren in Besitz genommen haben bzw. hat.<\/p>\n<p>Um Ihr Widerrufsrecht auszu\u00fcben, m\u00fcssen Sie uns<br \/><strong>Krippen &#8211; Kranz<\/strong><br \/>Virchowstr.1<br \/>86391 Stadtbergen<\/p>\n<p>Telefon +49 821\/ 46 72 78<br \/><a href=\"mailto:kranz-ev@t-online.de\">kranz-ev@t-online.de<\/a><\/p>\n<p>mittels einer eindeutigen Erkl\u00e4rung (z.B. ein mit der Post versandter Brief, Telefax oder E-Mail) \u00fcber Ihren Entschluss, diesen Vertrag zu widerrufen, informieren. Sie k\u00f6nnen daf\u00fcr das beigef\u00fcgte Muster-Widerrufsformular verwenden, das jedoch nicht vorgeschrieben ist.<\/p>\n<h3>Widerrufsfolgen<\/h3>\n<p>Wenn Sie diesen Vertrag widerrufen, haben wir Ihnen alle Zahlungen, die wir von Ihnen erhalten haben, einschlie\u00dflich der Lieferkosten (mit Ausnahme der zus\u00e4tzlichen Kosten, die sich daraus ergeben, dass Sie eine andere Art der Lieferung als die von uns angebotene, g\u00fcnstige Standardlieferung gew\u00e4hlt haben), unverz\u00fcglich und sp\u00e4testens binnen vierzehn Tagen ab dem Tag zur\u00fcckzuzahlen, an dem die Mitteilung \u00fcber Ihren Widerruf dieses Vertrags bei uns eingegangen ist. F\u00fcr diese R\u00fcckzahlung verwenden wir dasselbe Zahlungsmittel, das Sie bei der urspr\u00fcnglichen Transaktion eingesetzt haben, es sei denn, mit Ihnen wurde ausdr\u00fccklich etwas anderes vereinbart; in keinem Fall werden Ihnen wegen dieser R\u00fcckzahlung Entgelte berechnet.<\/p>\n<p>Wir k\u00f6nnen die R\u00fcckzahlung verweigern, bis wir die Waren wieder zur\u00fcckerhalten haben oder bis Sie den Nachweis erbracht haben, dass Sie die Waren zur\u00fcckgesandt haben, je nachdem, welches der fr\u00fchere Zeitpunkt ist. Sie haben die Waren unverz\u00fcglich und in jedem Fall sp\u00e4testens binnen vierzehn Tagen ab dem Tag, an dem Sie uns \u00fcber den Widerruf dieses Vertrages unterrichten, an uns zur\u00fcckzusenden oder zu \u00fcbergeben. Die Frist ist gewahrt, wenn Sie die Waren vor Ablauf der Frist von vierzehn Tagen absenden. Sie tragen die unmittelbaren Kosten der R\u00fccksendung der Waren. Sie m\u00fcssen f\u00fcr einen etwaigen Wertverlust der Waren nur aufkommen, wenn dieser Wertverlust auf einen zur Pr\u00fcfung der Beschaffenheit, Eigenschaften und Funktionsweise der Waren nicht notwendigen Umgang mit ihnen zur\u00fcckzuf\u00fchren ist.<\/p>\n<h3>Ausschluss des Widerrufsrechtes<\/h3>\n<p>Das Widerrufsrecht besteht nicht bei Vertr\u00e4gen zur Lieferung von Waren, die nicht vorgefertigt sind und f\u00fcr deren Herstellung eine individuelle Auswahl oder Bestimmung durch den Verbraucher ma\u00dfgeblich ist oder die eindeutig auf die pers\u00f6nlichen Bed\u00fcrfnisse des Verbrauchers zugeschnitten sind.<\/p>\n<h2>Muster-Widerrufsformular<\/h2>\n<p>Vorname, Nachname _______________________________<br \/>Stra\u00dfe, Hausnummer _______________________________<br \/>PLZ, Ort ______________________________________________<\/p>\n<p>Empf\u00e4nger:<br \/><strong>Krippen &#8211; Kranz<\/strong><br \/>Virchowstr.1<br \/>86391 Stadtbergen<\/p>\n<h4>Widerruf<\/h4>\n<p>Datum: ______________________________________________________<\/p>\n<p>_______________________________________________________________<br \/>_______________________________________________________________<br \/>_______________________________________________________________<br \/>_______________________________________________________________<br \/>_______________________________________________________________<br \/>_______________________________________________________________<\/p>\n<p>Unterschrift ________________________________________________<\/p>\n<p>[\/et_pb_text][et_pb_text admin_label=&#8220;\u00a7 4. Wir m\u00f6chten Sie auf Folgendes hinweisen:&#8220; _builder_version=&#8220;4.13.0&#8243; _module_preset=&#8220;default&#8220; global_colors_info=&#8220;{}&#8220;]<\/p>\n<h2>\u00a7 4. Wir m\u00f6chten Sie auf Folgendes hinweisen:<\/h2>\n<ul>\n<li>4.1 Alle Artikel werden umgehend, sofern ab Lager verf\u00fcgbar, ausgeliefert.<br \/>Die Lieferung erfolgt innerhalb Deutschland.<\/li>\n<li>4.2 Die Lieferzeit innerhalb Deutschland betr\u00e4gt, sofern nicht beim Angebot anders angegeben, maximal 10 Werktage.<\/li>\n<\/ul>\n<p>[\/et_pb_text][et_pb_text admin_label=&#8220;\u00a7 5. Verpackungs- und Versandkosten&#8220; _builder_version=&#8220;4.13.0&#8243; _module_preset=&#8220;default&#8220; global_colors_info=&#8220;{}&#8220;]<\/p>\n<h2>\u00a7 5. Verpackungs- und Versandkosten<\/h2>\n<ul>\n<li>5.1 Wie bieten die folgenden Versandarten an: Standard und Express<\/li>\n<li>5.2 F\u00fcr Lieferung innerhalb Deutschland und Verpackungskosten berechnen wir:\n<ul>\n<li>den im Angebot festgelegten Versandpreis. Bei jeder Bestellung werden die Versandkosten separat ausgewiesen und mitgeteilt.<\/li>\n<\/ul>\n<\/li>\n<\/ul>\n<p>[\/et_pb_text][et_pb_text admin_label=&#8220;\u00a7 6. Zahlung, Eigentumsvorbehalt&#8220; _builder_version=&#8220;4.13.0&#8243; _module_preset=&#8220;default&#8220; global_colors_info=&#8220;{}&#8220;]<\/p>\n<h2>\u00a7 6. Zahlung, Eigentumsvorbehalt<\/h2>\n<ul>\n<li>6.1 Alle angegebenen Preise sind Bruttopreise in Euro, die die gesetzliche Mehrwertsteuer von derzeit 19 % beinhalten. Es gelten die am Bestelltag g\u00fcltigen Preise.<\/li>\n<li>6.2 Bei Lieferung innerhalb Deutschland sind folgende Zahlweisen m\u00f6glich:\n<ul>\n<li>Per Vorkasse (Der Kunde ist verpflichtet, den Kaufpreis nach Vertragsschluss unverz\u00fcglich per \u00dcberweisungen auf unser Konto zu zahlen.)<\/li>\n<li>Bei Zahlung per Vorkasse erhalten Sie von uns eine E-Mail mit den genauen Rechnungsdaten. Bitte tragen Sie deshalb unbedingt Ihre E-Mail-Adresse in das Bestellformular ein, damit wir mit Ihnen in Kontakt treten k\u00f6nnen. Bitte geben Sie bei Ihrer \u00dcberweisung als Verwendungszweck Ihren Namen und die Bestellnummer an, damit wir Ihren Zahlungseingang der Bestellung zuordnen k\u00f6nnen.<\/li>\n<\/ul>\n<\/li>\n<li>6.3 Bis zur vollst\u00e4ndigen Bezahlung bleiben die gelieferten Waren unser Eigentum. \u00dcber Zwangsvollstreckungsma\u00dfnahmen Dritter in die Vorbehaltsware hat uns der Kunde unverz\u00fcglich unter \u00dcbergabe der f\u00fcr eine Intervention notwendigen Unterlagen zu unterrichten; dies gilt auch f\u00fcr Beeintr\u00e4chtigungen sonstiger Art. Unabh\u00e4ngig davon hat der Kunde bereits im Vorhinein die Dritten auf die an der Ware bestehenden Rechte hinzuweisen.<\/li>\n<\/ul>\n<p>[\/et_pb_text][et_pb_text admin_label=&#8220;\u00a7 7. Gew\u00e4hrleistung&#8220; _builder_version=&#8220;4.13.0&#8243; _module_preset=&#8220;default&#8220; global_colors_info=&#8220;{}&#8220;]<\/p>\n<h2>\u00a7 7. Gew\u00e4hrleistung<\/h2>\n<p>Sollten Transportsch\u00e4den an der Ware festgestellt werden, bitten wir den Empf\u00e4nger unverz\u00fcglich Schadensmeldung gegen\u00fcber dem Frachtf\u00fchrer (Versanddienst) zu machen. Sonstige erkennbare Transportsch\u00e4den sind bitte innerhalb von Tagen nach Erhalt der Ware uns gegen\u00fcber schriftlich geltend zu machen. Die Vers\u00e4umung dieser R\u00fcge hat allerdings f\u00fcr Ihre gesetzlichen Anspr\u00fcche keine Konsequenzen. Es gelten im \u00dcbrigen die gesetzlichen Vorschriften .<\/p>\n<p>Wir haften nicht f\u00fcr M\u00e4ngel, die infolge fehlerhafter Handhabung, normaler Abnutzung oder durch Fremdeinwirkung entstanden sind. Bei Reparaturen an der Ware in Eigenleistung oder durch Dritte, die ohne unser schriftliches Einverst\u00e4ndnis erfolgten, erlischt der Gew\u00e4hrleistungsanspruch an uns.<\/p>\n<p>[\/et_pb_text][et_pb_text admin_label=&#8220;\u00a7 8. Haftung&#8220; _builder_version=&#8220;4.13.0&#8243; _module_preset=&#8220;default&#8220; global_colors_info=&#8220;{}&#8220;]<\/p>\n<h2>\u00a7 8. Haftung<\/h2>\n<ul>\n<li>8.1 Der Onlineshop haftet in F\u00e4llen des Vorsatzes oder der groben Fahrl\u00e4ssigkeit nach den gesetzlichen Bestimmungen. Die Haftung f\u00fcr Garantien erfolgt verschuldensunabh\u00e4ngig. F\u00fcr leichte Fahrl\u00e4ssigkeit haftet der Onlineshop ausschlie\u00dflich nach den Vorschriften des Produkthaftungsgesetzes, wegen der Verletzung des Lebens, des K\u00f6rpers oder der Gesundheit oder wegen der Verletzung wesentlicher Vertragspflichten. Der Schadensersatzanspruch f\u00fcr die leicht fahrl\u00e4ssige Verletzung wesentlicher Vertragspflichten ist jedoch auf den vertragstypischen, vorhersehbaren Schaden begrenzt, soweit nicht wegen der Verletzung des Lebens, des K\u00f6rpers oder der Gesundheit gehaftet wird. F\u00fcr das Verschulden von Erf\u00fcllungsgehilfen und Vertretern haftet der Onlineshop in demselben Umfang.<\/li>\n<li>8.2 Die Regelung des vorstehenden Absatzes (8.1) erstreckt sich auf Schadensersatz neben der Leistung, den Schadensersatz statt der Leistung und den Ersatzanspruch wegen vergeblicher Aufwendungen, gleich aus welchem Rechtsgrund, einschlie\u00dflich der Haftung wegen M\u00e4ngeln, Verzugs oder Unm\u00f6glichkeit.<\/li>\n<\/ul>\n<p>[\/et_pb_text][et_pb_text admin_label=&#8220;\u00a7 9. Datenspeicherung&#8220; _builder_version=&#8220;4.13.0&#8243; _module_preset=&#8220;default&#8220; global_colors_info=&#8220;{}&#8220;]<\/p>\n<h2>\u00a7 9. Datenspeicherung<\/h2>\n<p>Wir machen darauf aufmerksam, dass die im Rahmen der Gesch\u00e4ftsabwicklung notwendigen Daten mittels einer EDV-Anlage verarbeitet und gespeichert werden. Pers\u00f6nliche Daten werden selbstverst\u00e4ndlich vertraulich behandelt und nur f\u00fcr die Ausf\u00fchrung der Bestellung genutzt.[\/et_pb_text][et_pb_text admin_label=&#8220;\u00a7 10. Gerichtsstand&#8220; _builder_version=&#8220;4.13.0&#8243; _module_preset=&#8220;default&#8220; global_colors_info=&#8220;{}&#8220;]<\/p>\n<h2>\u00a7 10. Gerichtsstand<\/h2>\n<p>Ist der Vertragspartner Kaufmann, eine juristische Person des \u00f6ffentlichen Rechts oder ein \u00f6ffentlich-rechtliches Sonderverm\u00f6gen, ist ausschlie\u00dflicher Gerichtsstand f\u00fcr s\u00e4mtliche Anspr\u00fcche aus dem Vertrag Augsburg. Das Recht von Krippen \u2013 Kranz den Vertragspartner an einem allgemeinen Gerichtsstand zu verklagen, bleibt unber\u00fchrt. Als Erf\u00fcllungsort gilt Augsburg.<\/p>\n<p>Die Geltung des UN-Kaufrechts wird ausgeschlossen, es gilt deutsches Recht. Mit einer Bestellung werden die Allgemeinen Gesch\u00e4ftsbedingungen des Onlineshops anerkannt. Sollte eine Bestimmung dieser Allgemeinen Gesch\u00e4ftsbedingungen, aus welchem Grund auch immer, nichtig sein, bleibt die Geltung der \u00fcbrigen Bestimmungen hiervon unber\u00fchrt.<\/p>\n<p>Die unwirksame Regelung wird durch die einschl\u00e4gige gesetzliche Regelung ersetzt. Hat der Kunde keinen allgemeinen Gerichtsstand in Deutschland oder in einem anderen EU-Mitgliedstaat, ist ausschlie\u00dflich Gerichtsstand f\u00fcr s\u00e4mtliche Streitigkeiten aus diesem Vertrag unser Gesch\u00e4ftssitz.<\/p>\n<p><strong>Krippen &#8211; Kranz<\/strong><br \/>Paul \u2013 Dieter Kranz<br \/>Virchowstr.1<br \/>86391 Stadtbergen<\/p>\n<p>Telefon: +49 821\/ 467278<br \/>kranz-ev@t-online.de<\/p>\n<p>[\/et_pb_text][et_pb_text admin_label=&#8220;Versand &#8211; Zahlung&#8220; _builder_version=&#8220;4.13.0&#8243; _module_preset=&#8220;default&#8220; global_colors_info=&#8220;{}&#8220;]<\/p>\n<h2>Versand &#8211; Zahlung<\/h2>\n<p>Vorauskasse[\/et_pb_text][\/et_pb_column][\/et_pb_row][\/et_pb_section]<\/p>\n","protected":false},"excerpt":{"rendered":"<p>Allgemeine Gesch\u00e4ftsbedingungen\u00a7 1. Allgemeines Alle Leistungen, die vom Onlineshop f\u00fcr den Kunden erbracht werden, erfolgen ausschlie\u00dflich auf der Grundlage der nachfolgenden Allgemeinen Gesch\u00e4ftsbedingungen. Abweichende Regelungen haben nur dann Geltung, wenn sie zwischen Onlineshop und Kunde vereinbart wurden.\u00a7 2. Angebot 2.1 Die Angebote des Onlineshops im Internet stellen eine unverbindliche Aufforderung an den Kunden dar, im [&hellip;]<\/p>\n","protected":false},"author":1,"featured_media":0,"parent":0,"menu_order":0,"comment_status":"closed","ping_status":"closed","template":"","meta":{"_acf_changed":false,"_et_pb_use_builder":"on","_et_pb_old_content":"","_et_gb_content_width":"","footnotes":""},"class_list":["post-49","page","type-page","status-publish","hentry"],"acf":[],"_links":{"self":[{"href":"https:\/\/kranz-krippen.de\/entdecken\/wp-json\/wp\/v2\/pages\/49","targetHints":{"allow":["GET"]}}],"collection":[{"href":"https:\/\/kranz-krippen.de\/entdecken\/wp-json\/wp\/v2\/pages"}],"about":[{"href":"https:\/\/kranz-krippen.de\/entdecken\/wp-json\/wp\/v2\/types\/page"}],"author":[{"embeddable":true,"href":"https:\/\/kranz-krippen.de\/entdecken\/wp-json\/wp\/v2\/users\/1"}],"replies":[{"embeddable":true,"href":"https:\/\/kranz-krippen.de\/entdecken\/wp-json\/wp\/v2\/comments?post=49"}],"version-history":[{"count":5,"href":"https:\/\/kranz-krippen.de\/entdecken\/wp-json\/wp\/v2\/pages\/49\/revisions"}],"predecessor-version":[{"id":205,"href":"https:\/\/kranz-krippen.de\/entdecken\/wp-json\/wp\/v2\/pages\/49\/revisions\/205"}],"wp:attachment":[{"href":"https:\/\/kranz-krippen.de\/entdecken\/wp-json\/wp\/v2\/media?parent=49"}],"curies":[{"name":"wp","href":"https:\/\/api.w.org\/{rel}","templated":true}]}}