{"id":280,"date":"2021-12-16T18:31:47","date_gmt":"2021-12-16T17:31:47","guid":{"rendered":"https:\/\/kranz-krippen.de\/entdecken\/?post_type=product&#038;p=280"},"modified":"2021-12-16T19:29:27","modified_gmt":"2021-12-16T18:29:27","slug":"weihnachtsbeleuchtung-innen-schaftkerzen","status":"publish","type":"product","link":"https:\/\/kranz-krippen.de\/entdecken\/produkt\/weihnachtsbeleuchtung-innen-schaftkerzen\/","title":{"rendered":"Weihnachtsbeleuchtung innen, Schaftkerzen"},"content":{"rendered":"<h3>Weihnachtsbeleuchtung f\u00fcr Innenr\u00e4ume mit Schaftkerzen, verschied. Ausf\u00fchrungen<\/h3>\n<ul>\n<li>f\u00fcr Innenr\u00e4ume<\/li>\n<li>Schaftkerzen<\/li>\n<li>Extra langer Fassungsabstand 70 cm<\/li>\n<li>Leichte Handhabung durch teilbaren Stecker<\/li>\n<\/ul>\n<p>Verschiedene Ausf\u00fchrungen:<\/p>\n<ul>\n<li>10-tlg. | 23V\/3W | L\u00e4nge: 9,3 m | 39,50 \u20ac<\/li>\n<li>15-tlg. | 14-16V\/3W | L\u00e4nge: 12,8 m | 58,50 \u20ac<\/li>\n<li>20-tlg. | 12V\/3W | L\u00e4nge: 16,8 m | 69,50 \u20ac<\/li>\n<\/ul>\n","protected":false},"excerpt":{"rendered":"<ul>\n<li>f\u00fcr Innenr\u00e4ume<\/li>\n<li>Schaftkerzen<\/li>\n<li>Extra langer Fassungsabstand 70 cm<\/li>\n<li>Leichte Handhabung durch teilbaren Stecker<\/li>\n<\/ul>\n<p>Verschiedene Ausf\u00fchrungen:<\/p>\n<ul>\n<li>10-tlg. | 23V\/3W | L\u00e4nge: 9,3 m | 39,50 \u20ac<\/li>\n<li>15-tlg. | 14-16V\/3W | L\u00e4nge: 12,8 m | 58,50 \u20ac<\/li>\n<li>20-tlg. | 12V\/3W | L\u00e4nge: 16,8 m | 69,50 \u20ac<\/li>\n<\/ul>\n","protected":false},"featured_media":258,"template":"","meta":{"_acf_changed":false,"_et_pb_use_builder":"","_et_pb_old_content":"","_et_gb_content_width":""},"product_brand":[],"product_cat":[57],"product_tag":[],"class_list":{"0":"post-280","1":"product","2":"type-product","3":"status-publish","4":"has-post-thumbnail","6":"product_cat-weihnachtsbeleuchtung","8":"first","9":"instock","10":"shipping-taxable","11":"purchasable","12":"product-type-variable"},"acf":[],"_links":{"self":[{"href":"https:\/\/kranz-krippen.de\/entdecken\/wp-json\/wp\/v2\/product\/280","targetHints":{"allow":["GET"]}}],"collection":[{"href":"https:\/\/kranz-krippen.de\/entdecken\/wp-json\/wp\/v2\/product"}],"about":[{"href":"https:\/\/kranz-krippen.de\/entdecken\/wp-json\/wp\/v2\/types\/product"}],"wp:featuredmedia":[{"embeddable":true,"href":"https:\/\/kranz-krippen.de\/entdecken\/wp-json\/wp\/v2\/media\/258"}],"wp:attachment":[{"href":"https:\/\/kranz-krippen.de\/entdecken\/wp-json\/wp\/v2\/media?parent=280"}],"wp:term":[{"taxonomy":"product_brand","embeddable":true,"href":"https:\/\/kranz-krippen.de\/entdecken\/wp-json\/wp\/v2\/product_brand?post=280"},{"taxonomy":"product_cat","embeddable":true,"href":"https:\/\/kranz-krippen.de\/entdecken\/wp-json\/wp\/v2\/product_cat?post=280"},{"taxonomy":"product_tag","embeddable":true,"href":"https:\/\/kranz-krippen.de\/entdecken\/wp-json\/wp\/v2\/product_tag?post=280"}],"curies":[{"name":"wp","href":"https:\/\/api.w.org\/{rel}","templated":true}]}}