{"id":295,"date":"2021-12-16T19:25:11","date_gmt":"2021-12-16T18:25:11","guid":{"rendered":"https:\/\/kranz-krippen.de\/entdecken\/?post_type=product&#038;p=295"},"modified":"2021-12-17T09:50:01","modified_gmt":"2021-12-17T08:50:01","slug":"ersatzbirne-schaftkerze-aussenbereich","status":"publish","type":"product","link":"https:\/\/kranz-krippen.de\/entdecken\/produkt\/ersatzbirne-schaftkerze-aussenbereich\/","title":{"rendered":"Ersatzbirne Schaftkerze, au\u00dfen"},"content":{"rendered":"<h3>Ersatzlampe: Schaftkerze f\u00fcr den Au\u00dfenbereich<\/h3>\n<p>14-16V\/7W<\/p>\n","protected":false},"excerpt":{"rendered":"<p>Ersatzlampe: Schaftkerze f\u00fcr den Au\u00dfenbereich<br \/>\n14-16V\/7W<\/p>\n","protected":false},"featured_media":288,"template":"","meta":{"_acf_changed":false,"_et_pb_use_builder":"","_et_pb_old_content":"","_et_gb_content_width":""},"product_brand":[],"product_cat":[64],"product_tag":[],"class_list":{"0":"post-295","1":"product","2":"type-product","3":"status-publish","4":"has-post-thumbnail","6":"product_cat-ersatzbirnen","8":"first","9":"instock","10":"shipping-taxable","11":"purchasable","12":"product-type-simple"},"acf":[],"_links":{"self":[{"href":"https:\/\/kranz-krippen.de\/entdecken\/wp-json\/wp\/v2\/product\/295","targetHints":{"allow":["GET"]}}],"collection":[{"href":"https:\/\/kranz-krippen.de\/entdecken\/wp-json\/wp\/v2\/product"}],"about":[{"href":"https:\/\/kranz-krippen.de\/entdecken\/wp-json\/wp\/v2\/types\/product"}],"wp:featuredmedia":[{"embeddable":true,"href":"https:\/\/kranz-krippen.de\/entdecken\/wp-json\/wp\/v2\/media\/288"}],"wp:attachment":[{"href":"https:\/\/kranz-krippen.de\/entdecken\/wp-json\/wp\/v2\/media?parent=295"}],"wp:term":[{"taxonomy":"product_brand","embeddable":true,"href":"https:\/\/kranz-krippen.de\/entdecken\/wp-json\/wp\/v2\/product_brand?post=295"},{"taxonomy":"product_cat","embeddable":true,"href":"https:\/\/kranz-krippen.de\/entdecken\/wp-json\/wp\/v2\/product_cat?post=295"},{"taxonomy":"product_tag","embeddable":true,"href":"https:\/\/kranz-krippen.de\/entdecken\/wp-json\/wp\/v2\/product_tag?post=295"}],"curies":[{"name":"wp","href":"https:\/\/api.w.org\/{rel}","templated":true}]}}